{"id":268,"date":"2021-06-22T22:05:50","date_gmt":"2021-06-22T20:05:50","guid":{"rendered":"http:\/\/2r-elec.com\/?page_id=268"},"modified":"2025-03-03T13:57:25","modified_gmt":"2025-03-03T12:57:25","slug":"contact","status":"publish","type":"page","link":"https:\/\/2r-elec.com\/?page_id=268","title":{"rendered":"Contact"},"content":{"rendered":"\t\t<div data-elementor-type=\"wp-page\" data-elementor-id=\"268\" class=\"elementor elementor-268\" data-elementor-settings=\"[]\">\n\t\t\t\t\t\t\t<div class=\"elementor-section-wrap\">\n\t\t\t\t\t\t\t<section class=\"elementor-section elementor-top-section elementor-element elementor-element-23dad35 elementor-section-boxed elementor-section-height-default elementor-section-height-default\" data-id=\"23dad35\" data-element_type=\"section\">\n\t\t\t\t\t\t<div class=\"elementor-container elementor-column-gap-default\">\n\t\t\t\t\t<div class=\"elementor-column elementor-col-100 elementor-top-column elementor-element elementor-element-a9e7b99\" data-id=\"a9e7b99\" data-element_type=\"column\">\n\t\t\t<div class=\"elementor-widget-wrap elementor-element-populated\">\n\t\t\t\t\t\t\t\t<div class=\"elementor-element elementor-element-c2abaaa elementor-widget elementor-widget-heading\" data-id=\"c2abaaa\" data-element_type=\"widget\" data-widget_type=\"heading.default\">\n\t\t\t\t<div class=\"elementor-widget-container\">\n\t\t\t<h2 class=\"elementor-heading-title elementor-size-default\">Nous contacter<\/h2>\t\t<\/div>\n\t\t\t\t<\/div>\n\t\t\t\t<div class=\"elementor-element elementor-element-bea8c5e elementor-widget elementor-widget-heading\" data-id=\"bea8c5e\" data-element_type=\"widget\" data-widget_type=\"heading.default\">\n\t\t\t\t<div class=\"elementor-widget-container\">\n\t\t\t<h2 class=\"elementor-heading-title elementor-size-default\">Nos coordonn\u00e9es<\/h2>\t\t<\/div>\n\t\t\t\t<\/div>\n\t\t\t\t<section class=\"elementor-section elementor-inner-section elementor-element elementor-element-59e84e1 elementor-section-boxed elementor-section-height-default elementor-section-height-default\" data-id=\"59e84e1\" data-element_type=\"section\">\n\t\t\t\t\t\t<div class=\"elementor-container elementor-column-gap-default\">\n\t\t\t\t\t<div class=\"elementor-column elementor-col-50 elementor-inner-column elementor-element elementor-element-2151962\" data-id=\"2151962\" data-element_type=\"column\">\n\t\t\t<div class=\"elementor-widget-wrap elementor-element-populated\">\n\t\t\t\t\t\t\t\t<div class=\"elementor-element elementor-element-717b4fe elementor-widget elementor-widget-image\" data-id=\"717b4fe\" data-element_type=\"widget\" data-widget_type=\"image.default\">\n\t\t\t\t<div class=\"elementor-widget-container\">\n\t\t\t\t\t\t\t\t\t\t\t\t\t\t\t<img loading=\"lazy\" decoding=\"async\" width=\"1024\" height=\"683\" src=\"https:\/\/2r-elec.com\/wp-content\/uploads\/2021\/06\/pexels-picjumbocom-225232-1-scaled-1-1024x683.jpg\" class=\"attachment-large size-large\" alt=\"Electrcit\u00e9 Chauffage climatisation\" srcset=\"https:\/\/2r-elec.com\/wp-content\/uploads\/2021\/06\/pexels-picjumbocom-225232-1-scaled-1-1024x683.jpg 1024w, https:\/\/2r-elec.com\/wp-content\/uploads\/2021\/06\/pexels-picjumbocom-225232-1-scaled-1-300x200.jpg 300w, https:\/\/2r-elec.com\/wp-content\/uploads\/2021\/06\/pexels-picjumbocom-225232-1-scaled-1-768x512.jpg 768w, https:\/\/2r-elec.com\/wp-content\/uploads\/2021\/06\/pexels-picjumbocom-225232-1-scaled-1-1536x1024.jpg 1536w, https:\/\/2r-elec.com\/wp-content\/uploads\/2021\/06\/pexels-picjumbocom-225232-1-scaled-1-2048x1366.jpg 2048w, https:\/\/2r-elec.com\/wp-content\/uploads\/2021\/06\/pexels-picjumbocom-225232-1-scaled-1-830x553.jpg 830w, https:\/\/2r-elec.com\/wp-content\/uploads\/2021\/06\/pexels-picjumbocom-225232-1-scaled-1-230x153.jpg 230w, https:\/\/2r-elec.com\/wp-content\/uploads\/2021\/06\/pexels-picjumbocom-225232-1-scaled-1-350x233.jpg 350w, https:\/\/2r-elec.com\/wp-content\/uploads\/2021\/06\/pexels-picjumbocom-225232-1-scaled-1-480x320.jpg 480w\" sizes=\"auto, (max-width: 1024px) 100vw, 1024px\" \/>\t\t\t\t\t\t\t\t\t\t\t\t\t\t\t<\/div>\n\t\t\t\t<\/div>\n\t\t\t\t\t<\/div>\n\t\t<\/div>\n\t\t\t\t<div class=\"elementor-column elementor-col-50 elementor-inner-column elementor-element elementor-element-ba8ed38\" data-id=\"ba8ed38\" data-element_type=\"column\">\n\t\t\t<div class=\"elementor-widget-wrap elementor-element-populated\">\n\t\t\t\t\t\t\t\t<div class=\"elementor-element elementor-element-848db05 elementor-position-left elementor-vertical-align-middle elementor-widget elementor-widget-image-box\" data-id=\"848db05\" data-element_type=\"widget\" data-widget_type=\"image-box.default\">\n\t\t\t\t<div class=\"elementor-widget-container\">\n\t\t\t<div class=\"elementor-image-box-wrapper\"><figure class=\"elementor-image-box-img\"><img decoding=\"async\" src=\"https:\/\/2r-elec.com\/wp-content\/uploads\/2021\/06\/smartphone.png\" title=\"smartphone\" alt=\"smartphone\" \/><\/figure><div class=\"elementor-image-box-content\"><p class=\"elementor-image-box-description\">06 63 45 16 43<\/p><\/div><\/div>\t\t<\/div>\n\t\t\t\t<\/div>\n\t\t\t\t<div class=\"elementor-element elementor-element-b3bcb18 elementor-position-left elementor-vertical-align-middle elementor-widget elementor-widget-image-box\" data-id=\"b3bcb18\" data-element_type=\"widget\" data-widget_type=\"image-box.default\">\n\t\t\t\t<div class=\"elementor-widget-container\">\n\t\t\t<div class=\"elementor-image-box-wrapper\"><figure class=\"elementor-image-box-img\"><img decoding=\"async\" src=\"https:\/\/2r-elec.com\/wp-content\/uploads\/2021\/06\/telephone.png\" title=\"telephone\" alt=\"telephone\" \/><\/figure><div class=\"elementor-image-box-content\"><p class=\"elementor-image-box-description\">04 75 33 60 64<\/p><\/div><\/div>\t\t<\/div>\n\t\t\t\t<\/div>\n\t\t\t\t<div class=\"elementor-element elementor-element-0ff86bd elementor-position-left elementor-vertical-align-middle elementor-widget elementor-widget-image-box\" data-id=\"0ff86bd\" data-element_type=\"widget\" data-widget_type=\"image-box.default\">\n\t\t\t\t<div class=\"elementor-widget-container\">\n\t\t\t<div class=\"elementor-image-box-wrapper\"><figure class=\"elementor-image-box-img\"><img decoding=\"async\" src=\"https:\/\/2r-elec.com\/wp-content\/uploads\/2021\/06\/email.png\" title=\"email\" alt=\"email\" \/><\/figure><div class=\"elementor-image-box-content\"><p class=\"elementor-image-box-description\">r.ravinel@2r-elec.com<\/p><\/div><\/div>\t\t<\/div>\n\t\t\t\t<\/div>\n\t\t\t\t<div class=\"elementor-element elementor-element-2dd361f elementor-position-left elementor-vertical-align-middle elementor-widget elementor-widget-image-box\" data-id=\"2dd361f\" data-element_type=\"widget\" data-widget_type=\"image-box.default\">\n\t\t\t\t<div class=\"elementor-widget-container\">\n\t\t\t<div class=\"elementor-image-box-wrapper\"><figure class=\"elementor-image-box-img\"><img decoding=\"async\" src=\"https:\/\/2r-elec.com\/wp-content\/uploads\/2021\/06\/lieu.png\" title=\"lieu\" alt=\"lieu\" \/><\/figure><div class=\"elementor-image-box-content\"><p class=\"elementor-image-box-description\">Ardoix<\/p><\/div><\/div>\t\t<\/div>\n\t\t\t\t<\/div>\n\t\t\t\t\t<\/div>\n\t\t<\/div>\n\t\t\t\t\t\t\t<\/div>\n\t\t<\/section>\n\t\t\t\t<div class=\"elementor-element elementor-element-1902bd4 elementor-widget-divider--view-line elementor-widget elementor-widget-divider\" data-id=\"1902bd4\" data-element_type=\"widget\" data-widget_type=\"divider.default\">\n\t\t\t\t<div class=\"elementor-widget-container\">\n\t\t\t\t\t<div class=\"elementor-divider\">\n\t\t\t<span class=\"elementor-divider-separator\">\n\t\t\t\t\t\t<\/span>\n\t\t<\/div>\n\t\t\t\t<\/div>\n\t\t\t\t<\/div>\n\t\t\t\t<div class=\"elementor-element elementor-element-e151c66 elementor-widget elementor-widget-heading\" data-id=\"e151c66\" data-element_type=\"widget\" data-widget_type=\"heading.default\">\n\t\t\t\t<div class=\"elementor-widget-container\">\n\t\t\t<h2 class=\"elementor-heading-title elementor-size-default\">Formulaire de contact<\/h2>\t\t<\/div>\n\t\t\t\t<\/div>\n\t\t\t\t<div class=\"elementor-element elementor-element-c98b942 elementor-widget elementor-widget-formidable\" data-id=\"c98b942\" data-element_type=\"widget\" data-widget_type=\"formidable.default\">\n\t\t\t\t<div class=\"elementor-widget-container\">\n\t\t\t<div class=\"frm_forms  with_frm_style frm_style_style-formidable\" id=\"frm_form_1_container\" >\n<form enctype=\"multipart\/form-data\" method=\"post\" class=\"frm-show-form \" id=\"form_contact-form\" >\n<div class=\"frm_form_fields \">\n<fieldset>\n<legend class=\"frm_screen_reader\">Contactez Nous<\/legend>\r\n\r\n<div class=\"frm_description\"><p>Veuillez nous envoyer un message en remplissant le formulaire ci-dessous et nous vous r\u00e9pondrons dans les plus brefs d\u00e9lais.<\/p>\n<\/div><div class=\"frm_fields_container\">\n<input type=\"hidden\" name=\"frm_action\" value=\"create\" \/>\n<input type=\"hidden\" name=\"form_id\" value=\"1\" \/>\n<input type=\"hidden\" name=\"frm_hide_fields_1\" id=\"frm_hide_fields_1\" value=\"\" \/>\n<input type=\"hidden\" name=\"form_key\" value=\"contact-form\" \/>\n<input type=\"hidden\" name=\"item_meta[0]\" value=\"\" \/>\n<input type=\"hidden\" id=\"frm_submit_entry_1\" name=\"frm_submit_entry_1\" value=\"9ab7909537\" \/><input type=\"hidden\" name=\"_wp_http_referer\" value=\"\/index.php?rest_route=%2Fwp%2Fv2%2Fpages%2F268\" \/><div id=\"frm_field_1_container\" class=\"frm_form_field form-field  frm_required_field frm_top_container frm12 frm_first\">\r\n\t<label for=\"field_qh4icy\" id=\"field_qh4icy_label\" class=\"frm_primary_label\">Nom Pr\u00e9nom\r\n\t\t<span class=\"frm_required\" aria-hidden=\"true\">*<\/span>\r\n\t<\/label>\r\n\t<input type=\"text\" id=\"field_qh4icy\" name=\"item_meta[1]\" value=\"\"  data-reqmsg=\"Nom Pr\u00e9nom ne peut pas \u00eatre vide.\" aria-required=\"true\" data-invmsg=\"Nom Pr\u00e9nom est non valide\" aria-invalid=\"false\"  \/>\r\n\t\r\n\t\r\n<\/div>\n<div id=\"frm_field_3_container\" class=\"frm_form_field form-field  frm_required_field frm_top_container frm_full\">\r\n\t<label for=\"field_29yf4d\" id=\"field_29yf4d_label\" class=\"frm_primary_label\">Email\r\n\t\t<span class=\"frm_required\" aria-hidden=\"true\">*<\/span>\r\n\t<\/label>\r\n\t<input type=\"email\" id=\"field_29yf4d\" name=\"item_meta[3]\" value=\"\"  data-reqmsg=\"Email ne peut pas \u00eatre vide.\" aria-required=\"true\" data-invmsg=\"Please enter a valid email address\" aria-invalid=\"false\"  \/>\r\n\t\r\n\t\r\n<\/div>\n<div id=\"frm_field_7_container\" class=\"frm_form_field form-field  frm_required_field frm_top_container\">\r\n\t<label for=\"field_hfcih\" id=\"field_hfcih_label\" class=\"frm_primary_label\">T\u00e9l\u00e9phone\r\n\t\t<span class=\"frm_required\" aria-hidden=\"true\">*<\/span>\r\n\t<\/label>\r\n\t<input type=\"tel\" id=\"field_hfcih\" name=\"item_meta[7]\" value=\"\"  data-reqmsg=\"T\u00e9l\u00e9phone ne peut pas \u00eatre vide.\" aria-required=\"true\" data-invmsg=\"T\u00e9l\u00e9phone est non valide\" aria-invalid=\"false\" pattern=\"((\\+\\d{1,3}(-|.| )?\\(?\\d\\)?(-| |.)?\\d{1,5})|(\\(?\\d{2,6}\\)?))(-|.| )?(\\d{3,4})(-|.| )?(\\d{4})(( x| ext)\\d{1,5}){0,1}$\"  \/>\r\n\t\r\n\t\r\n<\/div>\n<div id=\"frm_field_4_container\" class=\"frm_form_field form-field  frm_required_field frm_top_container frm_full\">\r\n\t<label for=\"field_e6lis6\" id=\"field_e6lis6_label\" class=\"frm_primary_label\">Ville\r\n\t\t<span class=\"frm_required\" aria-hidden=\"true\">*<\/span>\r\n\t<\/label>\r\n\t<input type=\"text\" id=\"field_e6lis6\" name=\"item_meta[4]\" value=\"\"  data-reqmsg=\"Ville ne peut pas \u00eatre vide.\" aria-required=\"true\" data-invmsg=\"Ville est non valide\" aria-invalid=\"false\"  \/>\r\n\t\r\n\t\r\n<\/div>\n<div id=\"frm_field_5_container\" class=\"frm_form_field form-field  frm_required_field frm_top_container frm_full\">\r\n\t<label for=\"field_9jv0r1\" id=\"field_9jv0r1_label\" class=\"frm_primary_label\">Message\r\n\t\t<span class=\"frm_required\" aria-hidden=\"true\">*<\/span>\r\n\t<\/label>\r\n\t<textarea name=\"item_meta[5]\" id=\"field_9jv0r1\" rows=\"5\"  data-reqmsg=\"Message ne peut pas \u00eatre vide.\" aria-required=\"true\" data-invmsg=\"Message est non valide\" aria-invalid=\"false\"  ><\/textarea>\r\n\t\r\n\t\r\n<\/div>\n<div id=\"frm_field_9_container\" class=\"frm_form_field form-field  frm_none_container\">\r\n\t<label for=\"g-recaptcha-response\" id=\"field_b32ci_label\" class=\"frm_primary_label\">Captcha\r\n\t\t<span class=\"frm_required\" aria-hidden=\"true\"><\/span>\r\n\t<\/label>\r\n\t<div  id=\"field_b32ci\" class=\"frm-g-recaptcha\" data-sitekey=\"6LeIDOgqAAAAABqqZDO4poCaW3Y5rUSbgdvcsKER\" data-size=\"invisible\" data-theme=\"light\"><\/div>\r\n\t\r\n\t\r\n<\/div>\n<div id=\"frm_field_6_container\" class=\"frm_form_field form-field \">\r\n\t<div class=\"frm_submit frm_flex\">\r\n<button class=\"frm_button_submit\" type=\"submit\"  >Envoyer<\/button>\r\n\r\n\r\n\r\n<\/div>\r\n<\/div>\n\t<input type=\"hidden\" name=\"item_key\" value=\"\" \/>\n\t\t\t\t<div class=\"frm__67c58c961848e\">\n\t\t\t\t<label for=\"frm_email_1\" >\n\t\t\t\t\tSi vous \u00eates un humain, ne remplissez pas ce champ.\t\t\t\t<\/label>\n\t\t\t\t<input  id=\"frm_email_1\" type=\"text\" class=\"frm_verify\" name=\"frm__67c58c961848e\" value=\"\" autocomplete=\"off\"  \/>\n\t\t\t<\/div>\n\t\t<\/div>\n<\/fieldset>\n<\/div>\n\n<\/form>\n<\/div>\n\t\t<\/div>\n\t\t\t\t<\/div>\n\t\t\t\t\t<\/div>\n\t\t<\/div>\n\t\t\t\t\t\t\t<\/div>\n\t\t<\/section>\n\t\t\t\t\t\t<\/div>\n\t\t\t\t\t<\/div>\n\t\t","protected":false},"excerpt":{"rendered":"<p>Nous contacter Nos coordonn\u00e9es 06 63 45 16 43 04 75 33 60 64 r.ravinel@2r-elec.com Ardoix Formulaire de contact Contactez Nous Veuillez nous envoyer un message en remplissant le formulaire ci-dessous et nous vous r\u00e9pondrons dans les plus brefs d\u00e9lais. Nom * Pr\u00e9nom * Email * T\u00e9l\u00e9phone * Ville * Message * Captcha Envoyer Si [&hellip;]<\/p>\n","protected":false},"author":1,"featured_media":0,"parent":0,"menu_order":0,"comment_status":"closed","ping_status":"closed","template":"elementor_header_footer","meta":{"footnotes":""},"class_list":["post-268","page","type-page","status-publish","hentry"],"yoast_head":"<!-- This site is optimized with the Yoast SEO plugin v16.5 - https:\/\/yoast.com\/wordpress\/plugins\/seo\/ -->\n<title>Contact - 2R Elec<\/title>\n<meta name=\"description\" content=\"Contactez-nous 2R Elec Richard Ravinel Artisan Electricien Ardoix (Nord Ard\u00e8che - R\u00e9gion Rh\u00f4ne Alpes) 06.63.46.16.43\" \/>\n<meta name=\"robots\" content=\"index, follow, max-snippet:-1, max-image-preview:large, max-video-preview:-1\" \/>\n<link rel=\"canonical\" href=\"https:\/\/2r-elec.com\/?page_id=268\" \/>\n<meta property=\"og:locale\" content=\"fr_FR\" \/>\n<meta property=\"og:type\" content=\"article\" \/>\n<meta property=\"og:title\" content=\"Contact - 2R Elec\" \/>\n<meta property=\"og:description\" content=\"Contactez-nous 2R Elec Richard Ravinel Artisan Electricien Ardoix (Nord Ard\u00e8che - R\u00e9gion Rh\u00f4ne Alpes) 06.63.46.16.43\" \/>\n<meta property=\"og:url\" content=\"https:\/\/2r-elec.com\/?page_id=268\" \/>\n<meta property=\"og:site_name\" content=\"2R Elec\" \/>\n<meta property=\"article:modified_time\" content=\"2025-03-03T12:57:25+00:00\" \/>\n<meta property=\"og:image\" content=\"http:\/\/2r-elec.com\/wp-content\/uploads\/2021\/06\/pexels-picjumbocom-225232-1-scaled-1-1024x683.jpg\" \/>\n<meta name=\"twitter:card\" content=\"summary_large_image\" \/>\n<meta name=\"twitter:label1\" content=\"Dur\u00e9e de lecture est.\" \/>\n\t<meta name=\"twitter:data1\" content=\"2 minutes\" \/>\n<script type=\"application\/ld+json\" class=\"yoast-schema-graph\">{\"@context\":\"https:\/\/schema.org\",\"@graph\":[{\"@type\":\"WebSite\",\"@id\":\"https:\/\/2r-elec.com\/#website\",\"url\":\"https:\/\/2r-elec.com\/\",\"name\":\"2R Elec\",\"description\":\"Electricit\\u00e9 Chauffage Climatisation\",\"potentialAction\":[{\"@type\":\"SearchAction\",\"target\":\"https:\/\/2r-elec.com\/?s={search_term_string}\",\"query-input\":\"required name=search_term_string\"}],\"inLanguage\":\"fr-FR\"},{\"@type\":\"ImageObject\",\"@id\":\"https:\/\/2r-elec.com\/?page_id=268#primaryimage\",\"inLanguage\":\"fr-FR\",\"url\":\"http:\/\/2r-elec.com\/wp-content\/uploads\/2021\/06\/pexels-picjumbocom-225232-1-scaled-1-1024x683.jpg\",\"contentUrl\":\"http:\/\/2r-elec.com\/wp-content\/uploads\/2021\/06\/pexels-picjumbocom-225232-1-scaled-1-1024x683.jpg\"},{\"@type\":\"WebPage\",\"@id\":\"https:\/\/2r-elec.com\/?page_id=268#webpage\",\"url\":\"https:\/\/2r-elec.com\/?page_id=268\",\"name\":\"Contact - 2R Elec\",\"isPartOf\":{\"@id\":\"https:\/\/2r-elec.com\/#website\"},\"primaryImageOfPage\":{\"@id\":\"https:\/\/2r-elec.com\/?page_id=268#primaryimage\"},\"datePublished\":\"2021-06-22T20:05:50+00:00\",\"dateModified\":\"2025-03-03T12:57:25+00:00\",\"description\":\"Contactez-nous 2R Elec Richard Ravinel Artisan Electricien Ardoix (Nord Ard\\u00e8che - R\\u00e9gion Rh\\u00f4ne Alpes) 06.63.46.16.43\",\"breadcrumb\":{\"@id\":\"https:\/\/2r-elec.com\/?page_id=268#breadcrumb\"},\"inLanguage\":\"fr-FR\",\"potentialAction\":[{\"@type\":\"ReadAction\",\"target\":[\"https:\/\/2r-elec.com\/?page_id=268\"]}]},{\"@type\":\"BreadcrumbList\",\"@id\":\"https:\/\/2r-elec.com\/?page_id=268#breadcrumb\",\"itemListElement\":[{\"@type\":\"ListItem\",\"position\":1,\"name\":\"Accueil\",\"item\":\"https:\/\/2r-elec.com\/\"},{\"@type\":\"ListItem\",\"position\":2,\"name\":\"Contact\"}]}]}<\/script>\n<!-- \/ Yoast SEO plugin. -->","_links":{"self":[{"href":"https:\/\/2r-elec.com\/index.php?rest_route=\/wp\/v2\/pages\/268","targetHints":{"allow":["GET"]}}],"collection":[{"href":"https:\/\/2r-elec.com\/index.php?rest_route=\/wp\/v2\/pages"}],"about":[{"href":"https:\/\/2r-elec.com\/index.php?rest_route=\/wp\/v2\/types\/page"}],"author":[{"embeddable":true,"href":"https:\/\/2r-elec.com\/index.php?rest_route=\/wp\/v2\/users\/1"}],"replies":[{"embeddable":true,"href":"https:\/\/2r-elec.com\/index.php?rest_route=%2Fwp%2Fv2%2Fcomments&post=268"}],"version-history":[{"count":23,"href":"https:\/\/2r-elec.com\/index.php?rest_route=\/wp\/v2\/pages\/268\/revisions"}],"predecessor-version":[{"id":2695,"href":"https:\/\/2r-elec.com\/index.php?rest_route=\/wp\/v2\/pages\/268\/revisions\/2695"}],"wp:attachment":[{"href":"https:\/\/2r-elec.com\/index.php?rest_route=%2Fwp%2Fv2%2Fmedia&parent=268"}],"curies":[{"name":"wp","href":"https:\/\/api.w.org\/{rel}","templated":true}]}}